{"id":3545,"date":"2024-02-04T15:44:17","date_gmt":"2024-02-04T14:44:17","guid":{"rendered":"https:\/\/cavalieridelmare.com\/?page_id=3545"},"modified":"2025-03-09T15:12:20","modified_gmt":"2025-03-09T14:12:20","slug":"terms-use","status":"publish","type":"page","link":"https:\/\/cavalieridelmare.com\/it\/terms-use","title":{"rendered":"Terms Use"},"content":{"rendered":"<div data-elementor-type=\"wp-page\" data-elementor-id=\"3545\" class=\"elementor elementor-3545\">\n\t\t\t\t<div class=\"elementor-element elementor-element-304f2b76 e-flex e-con-boxed wpr-particle-no wpr-jarallax-no wpr-parallax-no wpr-sticky-section-no e-con e-parent\" data-id=\"304f2b76\" data-element_type=\"container\" data-settings=\"{&quot;background_background&quot;:&quot;classic&quot;}\">\n\t\t\t\t\t<div class=\"e-con-inner\">\n\t\t\t\t<div class=\"elementor-element elementor-element-1d436b5 elementor-widget elementor-widget-heading\" data-id=\"1d436b5\" data-element_type=\"widget\" data-widget_type=\"heading.default\">\n\t\t\t\t<div class=\"elementor-widget-container\">\n\t\t\t<style>\/*! elementor - v3.21.0 - 08-05-2024 *\/\n.elementor-heading-title{padding:0;margin:0;line-height:1}.elementor-widget-heading .elementor-heading-title[class*=elementor-size-]>a{color:inherit;font-size:inherit;line-height:inherit}.elementor-widget-heading .elementor-heading-title.elementor-size-small{font-size:15px}.elementor-widget-heading .elementor-heading-title.elementor-size-medium{font-size:19px}.elementor-widget-heading .elementor-heading-title.elementor-size-large{font-size:29px}.elementor-widget-heading .elementor-heading-title.elementor-size-xl{font-size:39px}.elementor-widget-heading .elementor-heading-title.elementor-size-xxl{font-size:59px}<\/style><h2 class=\"elementor-heading-title elementor-size-default\">Termini d'uso<\/h2>\t\t<\/div>\n\t\t\t\t<\/div>\n\t\t\t\t<div class=\"elementor-element elementor-element-bbd12f1 elementor-widget elementor-widget-heading\" data-id=\"bbd12f1\" data-element_type=\"widget\" data-widget_type=\"heading.default\">\n\t\t\t\t<div class=\"elementor-widget-container\">\n\t\t\t<h2 class=\"elementor-heading-title elementor-size-default\">Cavalieri del Mare - Via Verdi, 23 54039 - Ronchi (MS) - Italia\n<\/br>\nTel: +39 0585 861820 -\nFax: +39 0585 868 015 \u2013\nP.IVA: 01008850453<\/h2>\t\t<\/div>\n\t\t\t\t<\/div>\n\t\t\t\t<div class=\"elementor-element elementor-element-0c7f50f elementor-widget elementor-widget-heading\" data-id=\"0c7f50f\" data-element_type=\"widget\" data-widget_type=\"heading.default\">\n\t\t\t\t<div class=\"elementor-widget-container\">\n\t\t\t<h2 class=\"elementor-heading-title elementor-size-default\">Accettazione dei termini e delle condizioni<\/h2>\t\t<\/div>\n\t\t\t\t<\/div>\n\t\t\t\t<div class=\"elementor-element elementor-element-5775817 elementor-widget elementor-widget-text-editor\" data-id=\"5775817\" data-element_type=\"widget\" data-widget_type=\"text-editor.default\">\n\t\t\t\t<div class=\"elementor-widget-container\">\n\t\t\t<style>\/*! elementor - v3.21.0 - 08-05-2024 *\/\n.elementor-widget-text-editor.elementor-drop-cap-view-stacked .elementor-drop-cap{background-color:#69727d;color:#fff}.elementor-widget-text-editor.elementor-drop-cap-view-framed .elementor-drop-cap{color:#69727d;border:3px solid;background-color:transparent}.elementor-widget-text-editor:not(.elementor-drop-cap-view-default) .elementor-drop-cap{margin-top:8px}.elementor-widget-text-editor:not(.elementor-drop-cap-view-default) .elementor-drop-cap-letter{width:1em;height:1em}.elementor-widget-text-editor .elementor-drop-cap{float:left;text-align:center;line-height:1;font-size:50px}.elementor-widget-text-editor .elementor-drop-cap-letter{display:inline-block}<\/style>\t\t\t\t<p>Il contenuto di questo sito (testo, elementi grafici, immagini, suoni, software, elenchi e banche dati, ecc.) cos\u00ec come il modo in cui i contenuti sono presentati e formati \u00e8 di esclusiva propriet\u00e0 di Hotel Cavalieri del Mare ed \u00e8 protetto dalle leggi italiane ed internazionali in particolare da quelle in materie di copyright. La propriet\u00e0 dei diritti di utilizzazione economica appartengono a Hotel Cavalieri del Mare.<\/p>\t\t\t\t\t\t<\/div>\n\t\t\t\t<\/div>\n\t\t\t\t<div class=\"elementor-element elementor-element-41c95b2 elementor-widget elementor-widget-text-editor\" data-id=\"41c95b2\" data-element_type=\"widget\" data-widget_type=\"text-editor.default\">\n\t\t\t\t<div class=\"elementor-widget-container\">\n\t\t\t\t\t\t\t<p>\u00c8 permesso consultare questo sito e riprodurne estratti utilizzando la stampante, scaricando dati sul disco rigido e attraverso la distribuzione ad altre persone, ma in ogni caso, solo per scopo informativo e purch\u00e9 il suddetto avviso riguardante il diritto d\u2019autore appaia in ognuna di queste riproduzioni. \u00c8 vietata qualsiasi riproduzione anche parziale del sito se non per uso domestico o di informazione personale. Nessuna riproduzione del sito o di sue parti, pu\u00f2 essere venduta o distribuita a fini commerciali, n\u00e9 modificata o incorporata in qualsiasi altro lavoro o pubblicazione, sia in forma stampata che elettronica, ivi comprese le ipotesi di posting a qualsiasi altro sito. Ogni utilizzazione non autorizzata, o comunque contraria alla legge sar\u00e0 perseguita da Hotel Cavalieri del Mare in sede civile e penale.<\/p>\t\t\t\t\t\t<\/div>\n\t\t\t\t<\/div>\n\t\t\t\t<div class=\"elementor-element elementor-element-c624bc5 elementor-widget elementor-widget-text-editor\" data-id=\"c624bc5\" data-element_type=\"widget\" data-widget_type=\"text-editor.default\">\n\t\t\t\t<div class=\"elementor-widget-container\">\n\t\t\t\t\t\t\t<p>Le informazioni presenti in questo sito sono state incluse in buona fede al solo scopo di fornire informazioni generali, sulla cui accuratezza e completezza non viene data alcuna garanzia.<br \/>Hotel Cavalieri del Mare non sar\u00e0 responsabile in relazione a quanto contenuto nei siti ipertestuali connessi al sito www.cavalieridelmare.com, in quanto totalmente estranei a qualsiasi forma di controllo da parte di Hotel Cavalieri del Mare Pertanto i rischi legati all\u2019utilizzo di tali siti saranno totalmente a carico dell\u2019utente.<\/p>\t\t\t\t\t\t<\/div>\n\t\t\t\t<\/div>\n\t\t\t\t<div class=\"elementor-element elementor-element-ed74867 elementor-widget elementor-widget-text-editor\" data-id=\"ed74867\" data-element_type=\"widget\" data-widget_type=\"text-editor.default\">\n\t\t\t\t<div class=\"elementor-widget-container\">\n\t\t\t\t\t\t\t<p>I marchi e i \u201clogo\u201d che appaiono su www.cavalieridelmare.com sono marchi commerciali registrati o non registrati appartenenti a Hotel Cavalieri del Mare o a terzi e non possono essere utilizzati a fini pubblicitari senza il preventivo consenso scritto del proprietario del marchio.<\/p>\t\t\t\t\t\t<\/div>\n\t\t\t\t<\/div>\n\t\t\t\t<div class=\"elementor-element elementor-element-22ab446 elementor-widget elementor-widget-text-editor\" data-id=\"22ab446\" data-element_type=\"widget\" data-widget_type=\"text-editor.default\">\n\t\t\t\t<div class=\"elementor-widget-container\">\n\t\t\t\t\t\t\t<p>Per eventuali domande o problemi, inviare un messaggio di posta elettronica all\u2019indirizzo info@cavalieridelmare.com<\/p><p>COMUNICAZIONE DI COPYRIGHT<br \/>Copyright \u00a9 2024 Hotel Cavalieri del Mare. Tutti i diritti riservati.<\/p>\t\t\t\t\t\t<\/div>\n\t\t\t\t<\/div>\n\t\t\t\t\t<\/div>\n\t\t\t\t<\/div>\n\t\t\t\t<\/div>","protected":false},"excerpt":{"rendered":"<p>Terms of Use Cavalieri del Mare &#8211; Via Verdi, 23 54039 &#8211; Ronchi (MS) &#8211; Italy Tel: +39 0585 861820 &#8211; Fax: +39 0585 868 015 \u2013 P.IVA: 01008850453 Accepting the terms and conditions The content of this site (text, graphic elements, images, sounds, software, lists and databases, etc.) as well as the manner in which the content is presented and formatted is the exclusive property of Hotel Cavalieri del Mare and is protected by Italian and international laws in particular those regarding copyright. Ownership of the rights of economic use belong to Hotel Cavalieri del Mare. You are permitted to consult this site and reproduce extracts from it using your printer, by downloading data to your hard disk, and through distribution to other persons, but in each case, for informational purposes only and provided that the above notice regarding copyright appears in each such reproduction. Any reproduction, even partial, of the site other than for domestic or personal information use is prohibited. No reproduction of the site or any part of it, may be sold or distributed for commercial purposes, nor modified or incorporated into any other work or publication, whether in printed or electronic form, including posting to any other site. Any unauthorized use, or otherwise contrary to the law will be prosecuted by Hotel Cavalieri del Mare in civil and criminal courts. The information on this site has been included in good faith for the sole purpose of providing general information, on the accuracy and completeness of which no warranty is given.Hotel Cavalieri del Mare will not be responsible in relation to the contents of hypertext sites linked to the site www.cavalieridelmare.com, as they are totally outside any form of control by Hotel Cavalieri del Mare Therefore, the risks associated with the use of such sites will be totally borne by the user. The trademarks and &#8220;logos&#8221; appearing on www.cavalieridelmare.com are registered or unregistered trademarks belonging to Hotel Cavalieri del Mare or third parties and may not be used for advertising purposes without the prior written consent of the trademark owner. If you have any questions or problems, please send an e-mail message to info@cavalieridelmare.com COPYRIGHT NOTICECopyright \u00a9 2024 Hotel Cavalieri del Mare. All rights reserved.<\/p>","protected":false},"author":1,"featured_media":0,"parent":0,"menu_order":0,"comment_status":"closed","ping_status":"closed","template":"elementor_header_footer","meta":{"_monsterinsights_skip_tracking":false,"_monsterinsights_sitenote_active":false,"_monsterinsights_sitenote_note":"","_monsterinsights_sitenote_category":0,"neve_meta_sidebar":"","neve_meta_container":"","neve_meta_enable_content_width":"","neve_meta_content_width":0,"neve_meta_title_alignment":"","neve_meta_author_avatar":"","neve_post_elements_order":"","neve_meta_disable_header":"","neve_meta_disable_footer":"","neve_meta_disable_title":"","footnotes":""},"aioseo_notices":[],"_links":{"self":[{"href":"https:\/\/cavalieridelmare.com\/it\/wp-json\/wp\/v2\/pages\/3545"}],"collection":[{"href":"https:\/\/cavalieridelmare.com\/it\/wp-json\/wp\/v2\/pages"}],"about":[{"href":"https:\/\/cavalieridelmare.com\/it\/wp-json\/wp\/v2\/types\/page"}],"author":[{"embeddable":true,"href":"https:\/\/cavalieridelmare.com\/it\/wp-json\/wp\/v2\/users\/1"}],"replies":[{"embeddable":true,"href":"https:\/\/cavalieridelmare.com\/it\/wp-json\/wp\/v2\/comments?post=3545"}],"version-history":[{"count":43,"href":"https:\/\/cavalieridelmare.com\/it\/wp-json\/wp\/v2\/pages\/3545\/revisions"}],"predecessor-version":[{"id":5612,"href":"https:\/\/cavalieridelmare.com\/it\/wp-json\/wp\/v2\/pages\/3545\/revisions\/5612"}],"wp:attachment":[{"href":"https:\/\/cavalieridelmare.com\/it\/wp-json\/wp\/v2\/media?parent=3545"}],"curies":[{"name":"wp","href":"https:\/\/api.w.org\/{rel}","templated":true}]}}