{"id":1430,"date":"2024-01-13T17:20:03","date_gmt":"2024-01-13T16:20:03","guid":{"rendered":"https:\/\/cavalieridelmare.com\/?page_id=1430"},"modified":"2025-03-10T10:49:10","modified_gmt":"2025-03-10T09:49:10","slug":"contact-arrival","status":"publish","type":"page","link":"https:\/\/cavalieridelmare.com\/it\/contact-arrival","title":{"rendered":"Contatti"},"content":{"rendered":"<div data-elementor-type=\"wp-page\" data-elementor-id=\"1430\" class=\"elementor elementor-1430\">\n\t\t\t\t<div class=\"elementor-element elementor-element-9abb072 e-flex e-con-boxed wpr-particle-no wpr-jarallax-no wpr-parallax-no wpr-sticky-section-no e-con e-parent\" data-id=\"9abb072\" data-element_type=\"container\" data-settings=\"{&quot;background_background&quot;:&quot;classic&quot;}\">\n\t\t\t\t\t<div class=\"e-con-inner\">\n\t\t<div class=\"elementor-element elementor-element-45608a8 e-grid e-con-full wpr-particle-no wpr-jarallax-no wpr-parallax-no wpr-sticky-section-no e-con e-child\" data-id=\"45608a8\" data-element_type=\"container\">\n\t\t<div class=\"elementor-element elementor-element-9e396ea e-con-full e-flex wpr-particle-no wpr-jarallax-no wpr-parallax-no wpr-sticky-section-no e-con e-child\" data-id=\"9e396ea\" data-element_type=\"container\">\n\t\t\t\t<div class=\"elementor-element elementor-element-69d850a elementor-widget elementor-widget-heading\" data-id=\"69d850a\" data-element_type=\"widget\" data-widget_type=\"heading.default\">\n\t\t\t\t<div class=\"elementor-widget-container\">\n\t\t\t<style>\/*! elementor - v3.21.0 - 08-05-2024 *\/\n.elementor-heading-title{padding:0;margin:0;line-height:1}.elementor-widget-heading .elementor-heading-title[class*=elementor-size-]>a{color:inherit;font-size:inherit;line-height:inherit}.elementor-widget-heading .elementor-heading-title.elementor-size-small{font-size:15px}.elementor-widget-heading .elementor-heading-title.elementor-size-medium{font-size:19px}.elementor-widget-heading .elementor-heading-title.elementor-size-large{font-size:29px}.elementor-widget-heading .elementor-heading-title.elementor-size-xl{font-size:39px}.elementor-widget-heading .elementor-heading-title.elementor-size-xxl{font-size:59px}<\/style><h2 class=\"elementor-heading-title elementor-size-default\">Contatti<\/h2>\t\t<\/div>\n\t\t\t\t<\/div>\n\t\t\t\t<div class=\"elementor-element elementor-element-61e0411 elementor-widget elementor-widget-heading\" data-id=\"61e0411\" data-element_type=\"widget\" data-widget_type=\"heading.default\">\n\t\t\t\t<div class=\"elementor-widget-container\">\n\t\t\t<h2 class=\"elementor-heading-title elementor-size-default\">Indirizzo. Telefono. Email.<\/h2>\t\t<\/div>\n\t\t\t\t<\/div>\n\t\t\t\t<div class=\"elementor-element elementor-element-f5102ea elementor-widget elementor-widget-heading\" data-id=\"f5102ea\" data-element_type=\"widget\" data-widget_type=\"heading.default\">\n\t\t\t\t<div class=\"elementor-widget-container\">\n\t\t\t<h2 class=\"elementor-heading-title elementor-size-default\">Hotel Cavalieri del Mare <\/br>\nVia Verdi Giuseppe, 23<\/br>\n54100 \u2022  Massa (MS)<\/br>\nItalia<\/br>\n<\/br>\nTelephone +39 0585 86 18 20<\/br>\ninfo@cavalieridelmare.com<\/br>\n<a href=\"https:\/\/wa.me\/393514421258\" target=\"_blank\" style=\"text-decoration: underline;\">Chat with us on WhatsApp!<\/a><\/h2>\t\t<\/div>\n\t\t\t\t<\/div>\n\t\t\t\t<\/div>\n\t\t<div class=\"elementor-element elementor-element-cf90b52 e-con-full e-flex wpr-particle-no wpr-jarallax-no wpr-parallax-no wpr-sticky-section-no e-con e-child\" data-id=\"cf90b52\" data-element_type=\"container\">\n\t\t\t\t<div class=\"elementor-element elementor-element-66a5fcd elementor-widget elementor-widget-heading\" data-id=\"66a5fcd\" data-element_type=\"widget\" data-widget_type=\"heading.default\">\n\t\t\t\t<div class=\"elementor-widget-container\">\n\t\t\t<h2 class=\"elementor-heading-title elementor-size-default\">Modulo di Contatto<\/h2>\t\t<\/div>\n\t\t\t\t<\/div>\n\t\t\t\t<div class=\"elementor-element elementor-element-2c258f7 elementor-widget__width-inherit elementor-widget elementor-widget-html\" data-id=\"2c258f7\" data-element_type=\"widget\" data-widget_type=\"html.default\">\n\t\t\t\t<div class=\"elementor-widget-container\">\n\t\t\t<script charset=\"utf-8\" type=\"text\/javascript\" src=\"\/\/js.hsforms.net\/forms\/embed\/v2.js\"><\/script>\n<script>\n  hbspt.forms.create({\n    region: \"na1\",\n    portalId: \"9376416\",\n    formId: \"844615cd-3e97-4176-8ff4-8a818efb420d\"\n  });\n<\/script>\t\t<\/div>\n\t\t\t\t<\/div>\n\t\t\t\t<\/div>\n\t\t\t\t<\/div>\n\t\t\t\t\t<\/div>\n\t\t\t\t<\/div>\n\t\t<div class=\"elementor-element elementor-element-9dbc961 e-flex e-con-boxed wpr-particle-no wpr-jarallax-no wpr-parallax-no wpr-sticky-section-no e-con e-parent\" data-id=\"9dbc961\" data-element_type=\"container\" data-settings=\"{&quot;background_background&quot;:&quot;classic&quot;}\">\n\t\t\t\t\t<div class=\"e-con-inner\">\n\t\t<div class=\"elementor-element elementor-element-59f52b1 e-grid e-con-full wpr-particle-no wpr-jarallax-no wpr-parallax-no wpr-sticky-section-no e-con e-child\" data-id=\"59f52b1\" data-element_type=\"container\" data-settings=\"{&quot;background_background&quot;:&quot;classic&quot;}\">\n\t\t<div class=\"elementor-element elementor-element-4114eb5 e-flex e-con-boxed wpr-particle-no wpr-jarallax-no wpr-parallax-no wpr-sticky-section-no e-con e-child\" data-id=\"4114eb5\" data-element_type=\"container\">\n\t\t\t\t\t<div class=\"e-con-inner\">\n\t\t\t\t<div class=\"elementor-element elementor-element-627d84f elementor-widget elementor-widget-wpr-google-maps\" data-id=\"627d84f\" data-element_type=\"widget\" data-widget_type=\"wpr-google-maps.default\">\n\t\t\t\t<div class=\"elementor-widget-container\">\n\t\t\t<div class=\"wpr-google-map\"  data-settings=\"{&quot;type&quot;:&quot;terrain&quot;,&quot;style&quot;:&quot;light-silver&quot;,&quot;zoom_depth&quot;:14,&quot;zoom_on_scroll&quot;:&quot;cooperative&quot;,&quot;cluster_markers&quot;:&quot;&quot;,&quot;clusters_url&quot;:&quot;https:\\\/\\\/cavalieridelmare.com\\\/wp-content\\\/plugins\\\/royal-elementor-addons\\\/assets\\\/js\\\/lib\\\/gmap\\\/clusters\\\/m&quot;,&quot;custom_style&quot;:&quot;&quot;}\" data-locations=\"[{&quot;gm_latitude&quot;:&quot;43.9937909&quot;,&quot;gm_longtitude&quot;:&quot;10.1265767&quot;,&quot;_id&quot;:&quot;1d66cc3&quot;,&quot;gm_show_info_window&quot;:&quot;none&quot;,&quot;gm_custom_marker&quot;:&quot;yes&quot;,&quot;gm_marker_icon&quot;:{&quot;url&quot;:&quot;http:\\\/\\\/cavalieridelmare.com\\\/wp-content\\\/uploads\\\/2024\\\/01\\\/marker_3-1-1.svg&quot;,&quot;id&quot;:2476,&quot;size&quot;:&quot;&quot;,&quot;alt&quot;:&quot;&quot;,&quot;source&quot;:&quot;library&quot;},&quot;gm_marker_icon_size_width&quot;:{&quot;unit&quot;:&quot;px&quot;,&quot;size&quot;:40,&quot;sizes&quot;:[]},&quot;gm_marker_icon_size_height&quot;:{&quot;unit&quot;:&quot;px&quot;,&quot;size&quot;:40,&quot;sizes&quot;:[]},&quot;gm_location_title&quot;:&quot;&quot;,&quot;gm_location_description&quot;:&quot;&quot;,&quot;gm_info_window_width&quot;:{&quot;unit&quot;:&quot;px&quot;,&quot;size&quot;:300,&quot;sizes&quot;:[]},&quot;gm_marker_animation&quot;:&quot;none&quot;}]\" data-controls=\"{&quot;type&quot;:&quot;&quot;,&quot;fullscreen&quot;:&quot;yes&quot;,&quot;zoom&quot;:&quot;yes&quot;,&quot;streetview&quot;:&quot;yes&quot;}\"><\/div>\t\t<\/div>\n\t\t\t\t<\/div>\n\t\t\t\t\t<\/div>\n\t\t\t\t<\/div>\n\t\t<div class=\"elementor-element elementor-element-d4fddde e-con-full e-flex wpr-particle-no wpr-jarallax-no wpr-parallax-no wpr-sticky-section-no e-con e-child\" data-id=\"d4fddde\" data-element_type=\"container\">\n\t\t\t\t<div class=\"elementor-element elementor-element-209dc92 elementor-widget__width-inherit elementor-widget elementor-widget-heading\" data-id=\"209dc92\" data-element_type=\"widget\" data-widget_type=\"heading.default\">\n\t\t\t\t<div class=\"elementor-widget-container\">\n\t\t\t<h2 class=\"elementor-heading-title elementor-size-default\">Arrivo<\/h2>\t\t<\/div>\n\t\t\t\t<\/div>\n\t\t\t\t<div class=\"elementor-element elementor-element-2ea981b elementor-widget__width-inherit elementor-widget elementor-widget-eael-adv-accordion\" data-id=\"2ea981b\" data-element_type=\"widget\" data-widget_type=\"eael-adv-accordion.default\">\n\t\t\t\t<div class=\"elementor-widget-container\">\n\t\t\t        <div class=\"eael-adv-accordion\" id=\"eael-adv-accordion-2ea981b\" data-scroll-on-click=\"\" data-scroll-speed=\"300\" data-accordion-id=\"2ea981b\" data-accordion-type=\"toggle\" data-toogle-speed=\"300\">\n    <div class=\"eael-accordion-list\">\n                <div id=\"parking-information\" class=\"elementor-tab-title eael-accordion-header active-default\" tabindex=\"0\" data-tab=\"1\" aria-controls=\"elementor-tab-content-4891\"><div class=\"eael-accordion-tab-title\">Informazioni sul Parcheggio<\/div><svg aria-hidden=\"true\" class=\"fa-toggle e-font-icon-svg e-fas-angle-right\" viewbox=\"0 0 256 512\" xmlns=\"http:\/\/www.w3.org\/2000\/svg\"><path d=\"M224.3 273l-136 136c-9.4 9.4-24.6 9.4-33.9 0l-22.6-22.6c-9.4-9.4-9.4-24.6 0-33.9l96.4-96.4-96.4-96.4c-9.4-9.4-9.4-24.6 0-33.9L54.3 103c9.4-9.4 24.6-9.4 33.9 0l136 136c9.5 9.4 9.5 24.6.1 34z\"><\/path><\/svg><\/div><div id=\"elementor-tab-content-4891\" class=\"eael-accordion-content clearfix active-default\" data-tab=\"1\" aria-labelledby=\"parking-information\"><div class=\"elementor-toggle-item\"><div id=\"elementor-tab-content-2311\" class=\"elementor-tab-content elementor-clearfix elementor-active\" role=\"region\" data-tab=\"1\" aria-labelledby=\"elementor-tab-title-2311\"><div class=\"flex flex-grow flex-col max-w-full\"><div class=\"min-h-[20px] text-message flex flex-col items-start gap-3 whitespace-pre-wrap break-words [.text-message+&amp;]:mt-5 overflow-x-auto\" data-message-author-role=\"assistant\" data-message-id=\"928946d7-2a5d-4b3c-9c24-80541453a9fb\"><div class=\"markdown prose w-full break-words dark:prose-invert light\"><p>Parcheggio all'aperto gratuito disponibile per i clienti dell'hotel.<\/p><\/div><\/div><\/div><\/div><\/div><\/div>\n                <\/div><div class=\"eael-accordion-list\">\n                <div id=\"electric-vehicle-charging-stations\" class=\"elementor-tab-title eael-accordion-header\" tabindex=\"0\" data-tab=\"2\" aria-controls=\"elementor-tab-content-4892\"><div class=\"eael-accordion-tab-title\">Ricarica Elettrica<\/div><svg aria-hidden=\"true\" class=\"fa-toggle e-font-icon-svg e-fas-angle-right\" viewbox=\"0 0 256 512\" xmlns=\"http:\/\/www.w3.org\/2000\/svg\"><path d=\"M224.3 273l-136 136c-9.4 9.4-24.6 9.4-33.9 0l-22.6-22.6c-9.4-9.4-9.4-24.6 0-33.9l96.4-96.4-96.4-96.4c-9.4-9.4-9.4-24.6 0-33.9L54.3 103c9.4-9.4 24.6-9.4 33.9 0l136 136c9.5 9.4 9.5 24.6.1 34z\"><\/path><\/svg><\/div><div id=\"elementor-tab-content-4892\" class=\"eael-accordion-content clearfix\" data-tab=\"2\" aria-labelledby=\"electric-vehicle-charging-stations\"><p><span style=\"font-weight: 400;\">All'interno del parcheggio dell'hotel, \u00e8 possibile ricaricare la propria auto al costo di 35 euro al giorno. Le stazioni di ricarica supportano la presa standard europea (tipo 2), compatibile con le auto Tesla e altri veicoli elettrici. Per garantire un posto, \u00e8 necessario effettuare la prenotazione in anticipo.<\/span><\/p><\/div>\n                <\/div><div class=\"eael-accordion-list\">\n                <div id=\"help-locating-our-hotel-\" class=\"elementor-tab-title eael-accordion-header\" tabindex=\"0\" data-tab=\"3\" aria-controls=\"elementor-tab-content-4893\"><div class=\"eael-accordion-tab-title\">Come Trovarci <\/div><svg aria-hidden=\"true\" class=\"fa-toggle e-font-icon-svg e-fas-angle-right\" viewbox=\"0 0 256 512\" xmlns=\"http:\/\/www.w3.org\/2000\/svg\"><path d=\"M224.3 273l-136 136c-9.4 9.4-24.6 9.4-33.9 0l-22.6-22.6c-9.4-9.4-9.4-24.6 0-33.9l96.4-96.4-96.4-96.4c-9.4-9.4-9.4-24.6 0-33.9L54.3 103c9.4-9.4 24.6-9.4 33.9 0l136 136c9.5 9.4 9.5 24.6.1 34z\"><\/path><\/svg><\/div><div id=\"elementor-tab-content-4893\" class=\"eael-accordion-content clearfix\" data-tab=\"3\" aria-labelledby=\"help-locating-our-hotel-\"><div class=\"flex flex-grow flex-col max-w-full\"><div class=\"min-h-[20px] text-message flex flex-col items-start gap-3 whitespace-pre-wrap break-words [.text-message+&amp;]:mt-5 overflow-x-auto\" data-message-author-role=\"assistant\" data-message-id=\"0abfe3f9-b039-4b7c-9aa0-676d1d4eea0b\"><div class=\"markdown prose w-full break-words dark:prose-invert light\"><p>Se non riesci a trovare il nostro hotel sul tuo navigatore, assicurati che l'indirizzo sia \"Via Verdi Giuseppe 23\", non \"Viale Verdi 23\". In alternativa, puoi cercare \"Hotel Cavalieri del Mare\" su Google Maps.<\/p><\/div><\/div><\/div><div class=\"mt-1 flex justify-start gap-3 empty:hidden\"><div class=\"text-gray-400 flex self-end lg:self-center justify-center lg:justify-start mt-0 -ml-1 visible\">\u00a0<\/div><\/div><\/div>\n                <\/div><div class=\"eael-accordion-list\">\n                <div id=\"car-free-stay-access-beach-activities-on-foot\" class=\"elementor-tab-title eael-accordion-header\" tabindex=\"0\" data-tab=\"4\" aria-controls=\"elementor-tab-content-4894\"><div class=\"eael-accordion-tab-title\">Spiaggia Raggiungibile a Piedi o in Bici<\/div><svg aria-hidden=\"true\" class=\"fa-toggle e-font-icon-svg e-fas-angle-right\" viewbox=\"0 0 256 512\" xmlns=\"http:\/\/www.w3.org\/2000\/svg\"><path d=\"M224.3 273l-136 136c-9.4 9.4-24.6 9.4-33.9 0l-22.6-22.6c-9.4-9.4-9.4-24.6 0-33.9l96.4-96.4-96.4-96.4c-9.4-9.4-9.4-24.6 0-33.9L54.3 103c9.4-9.4 24.6-9.4 33.9 0l136 136c9.5 9.4 9.5 24.6.1 34z\"><\/path><\/svg><\/div><div id=\"elementor-tab-content-4894\" class=\"eael-accordion-content clearfix\" data-tab=\"4\" aria-labelledby=\"car-free-stay-access-beach-activities-on-foot\"><div class=\"elementor-element elementor-element-f4ef22a e-grid e-con-boxed wpr-particle-no wpr-jarallax-no wpr-parallax-no wpr-sticky-section-no e-con e-child\" data-id=\"f4ef22a\" data-element_type=\"container\" data-settings=\"{&quot;container_type&quot;:&quot;grid&quot;,&quot;grid_columns_grid&quot;:{&quot;unit&quot;:&quot;custom&quot;,&quot;size&quot;:&quot;1.2fr 1fr&quot;,&quot;sizes&quot;:[]},&quot;grid_columns_grid_tablet&quot;:{&quot;unit&quot;:&quot;custom&quot;,&quot;size&quot;:&quot;&quot;,&quot;sizes&quot;:[]},&quot;grid_columns_grid_mobile&quot;:{&quot;unit&quot;:&quot;custom&quot;,&quot;size&quot;:1,&quot;sizes&quot;:[]},&quot;grid_rows_grid&quot;:{&quot;unit&quot;:&quot;fr&quot;,&quot;size&quot;:1,&quot;sizes&quot;:[]},&quot;content_width&quot;:&quot;boxed&quot;,&quot;grid_outline&quot;:&quot;yes&quot;,&quot;grid_rows_grid_tablet&quot;:{&quot;unit&quot;:&quot;fr&quot;,&quot;size&quot;:&quot;&quot;,&quot;sizes&quot;:[]},&quot;grid_rows_grid_mobile&quot;:{&quot;unit&quot;:&quot;fr&quot;,&quot;size&quot;:&quot;&quot;,&quot;sizes&quot;:[]},&quot;grid_auto_flow&quot;:&quot;row&quot;,&quot;grid_auto_flow_tablet&quot;:&quot;row&quot;,&quot;grid_auto_flow_mobile&quot;:&quot;row&quot;}\"><div class=\"e-con-inner\"><div class=\"elementor-element elementor-element-a53ceb6 e-flex e-con-boxed wpr-particle-no wpr-jarallax-no wpr-parallax-no wpr-sticky-section-no e-con e-child\" data-id=\"a53ceb6\" data-element_type=\"container\" data-settings=\"{&quot;container_type&quot;:&quot;flex&quot;,&quot;content_width&quot;:&quot;boxed&quot;}\"><div class=\"e-con-inner\"><div class=\"elementor-element elementor-element-220670e e-con-full e-flex wpr-particle-no wpr-jarallax-no wpr-parallax-no wpr-sticky-section-no e-con e-child\" data-id=\"220670e\" data-element_type=\"container\" data-settings=\"{&quot;content_width&quot;:&quot;full&quot;,&quot;container_type&quot;:&quot;flex&quot;}\"><div class=\"elementor-element elementor-element-dcd5f26 elementor-widget-tablet__width-inherit elementor-widget elementor-widget-toggle\" data-id=\"dcd5f26\" data-element_type=\"widget\" data-widget_type=\"toggle.default\"><div class=\"elementor-widget-container\"><div class=\"elementor-toggle\"><div class=\"elementor-toggle-item\"><div id=\"elementor-tab-content-2314\" class=\"elementor-tab-content elementor-clearfix elementor-active\" role=\"region\" data-tab=\"4\" aria-labelledby=\"elementor-tab-title-2314\"><p>Durante il tuo soggiorno non sar\u00e0 necessario prendere la macchina per andare in spiaggia. Molte attivit\u00e0 sono facilmente raggiungibili a piedi o in bicicletta, quest'ultima pu\u00f2 essere noleggiata a 300 metri dall'hotel.<\/p><\/div><\/div><\/div><\/div><\/div><\/div><\/div><\/div><\/div><\/div><div class=\"elementor-element elementor-element-fb8e475 e-grid e-con-boxed wpr-particle-no wpr-jarallax-no wpr-parallax-no wpr-sticky-section-no e-con e-child\" data-id=\"fb8e475\" data-element_type=\"container\" data-settings=\"{&quot;container_type&quot;:&quot;grid&quot;,&quot;grid_columns_grid&quot;:{&quot;unit&quot;:&quot;custom&quot;,&quot;size&quot;:&quot;1fr 1.6fr&quot;,&quot;sizes&quot;:[]},&quot;grid_columns_grid_tablet&quot;:{&quot;unit&quot;:&quot;custom&quot;,&quot;size&quot;:&quot;&quot;,&quot;sizes&quot;:[]},&quot;grid_columns_grid_mobile&quot;:{&quot;unit&quot;:&quot;custom&quot;,&quot;size&quot;:1,&quot;sizes&quot;:[]},&quot;grid_rows_grid&quot;:{&quot;unit&quot;:&quot;fr&quot;,&quot;size&quot;:1,&quot;sizes&quot;:[]},&quot;content_width&quot;:&quot;boxed&quot;,&quot;grid_outline&quot;:&quot;yes&quot;,&quot;grid_rows_grid_tablet&quot;:{&quot;unit&quot;:&quot;fr&quot;,&quot;size&quot;:&quot;&quot;,&quot;sizes&quot;:[]},&quot;grid_rows_grid_mobile&quot;:{&quot;unit&quot;:&quot;fr&quot;,&quot;size&quot;:&quot;&quot;,&quot;sizes&quot;:[]},&quot;grid_auto_flow&quot;:&quot;row&quot;,&quot;grid_auto_flow_tablet&quot;:&quot;row&quot;,&quot;grid_auto_flow_mobile&quot;:&quot;row&quot;}\"><div class=\"e-con-inner\"><div class=\"elementor-element elementor-element-45ea984 e-flex e-con-boxed wpr-particle-no wpr-jarallax-no wpr-parallax-no wpr-sticky-section-no e-con e-child\" data-id=\"45ea984\" data-element_type=\"container\" data-settings=\"{&quot;container_type&quot;:&quot;flex&quot;,&quot;content_width&quot;:&quot;boxed&quot;}\"><div class=\"e-con-inner\"><div class=\"elementor-element elementor-element-55547fd elementor-widget elementor-widget-heading\" data-id=\"55547fd\" data-element_type=\"widget\" data-widget_type=\"heading.default\"><div class=\"elementor-widget-container\">\u00a0<\/div><\/div><\/div><\/div><\/div><\/div><\/div>\n                <\/div><\/div>\t\t<\/div>\n\t\t\t\t<\/div>\n\t\t\t\t<\/div>\n\t\t\t\t<\/div>\n\t\t\t\t\t<\/div>\n\t\t\t\t<\/div>\n\t\t<div class=\"elementor-element elementor-element-d528208 e-flex e-con-boxed wpr-particle-no wpr-jarallax-no wpr-parallax-no wpr-sticky-section-no e-con e-parent\" data-id=\"d528208\" data-element_type=\"container\">\n\t\t\t\t\t<div class=\"e-con-inner\">\n\t\t\t\t<div class=\"elementor-element elementor-element-6606f232 elementor-widget-divider--view-line elementor-widget elementor-widget-divider\" data-id=\"6606f232\" data-element_type=\"widget\" data-widget_type=\"divider.default\">\n\t\t\t\t<div class=\"elementor-widget-container\">\n\t\t\t<style>\/*! elementor - v3.21.0 - 08-05-2024 *\/\n.elementor-widget-divider{--divider-border-style:none;--divider-border-width:1px;--divider-color:#0c0d0e;--divider-icon-size:20px;--divider-element-spacing:10px;--divider-pattern-height:24px;--divider-pattern-size:20px;--divider-pattern-url:none;--divider-pattern-repeat:repeat-x}.elementor-widget-divider .elementor-divider{display:flex}.elementor-widget-divider .elementor-divider__text{font-size:15px;line-height:1;max-width:95%}.elementor-widget-divider .elementor-divider__element{margin:0 var(--divider-element-spacing);flex-shrink:0}.elementor-widget-divider .elementor-icon{font-size:var(--divider-icon-size)}.elementor-widget-divider .elementor-divider-separator{display:flex;margin:0;direction:ltr}.elementor-widget-divider--view-line_icon .elementor-divider-separator,.elementor-widget-divider--view-line_text .elementor-divider-separator{align-items:center}.elementor-widget-divider--view-line_icon .elementor-divider-separator:after,.elementor-widget-divider--view-line_icon .elementor-divider-separator:before,.elementor-widget-divider--view-line_text .elementor-divider-separator:after,.elementor-widget-divider--view-line_text .elementor-divider-separator:before{display:block;content:\"\";border-block-end:0;flex-grow:1;border-block-start:var(--divider-border-width) var(--divider-border-style) var(--divider-color)}.elementor-widget-divider--element-align-left .elementor-divider .elementor-divider-separator>.elementor-divider__svg:first-of-type{flex-grow:0;flex-shrink:100}.elementor-widget-divider--element-align-left .elementor-divider-separator:before{content:none}.elementor-widget-divider--element-align-left .elementor-divider__element{margin-left:0}.elementor-widget-divider--element-align-right .elementor-divider .elementor-divider-separator>.elementor-divider__svg:last-of-type{flex-grow:0;flex-shrink:100}.elementor-widget-divider--element-align-right .elementor-divider-separator:after{content:none}.elementor-widget-divider--element-align-right .elementor-divider__element{margin-right:0}.elementor-widget-divider--element-align-start .elementor-divider .elementor-divider-separator>.elementor-divider__svg:first-of-type{flex-grow:0;flex-shrink:100}.elementor-widget-divider--element-align-start .elementor-divider-separator:before{content:none}.elementor-widget-divider--element-align-start .elementor-divider__element{margin-inline-start:0}.elementor-widget-divider--element-align-end .elementor-divider .elementor-divider-separator>.elementor-divider__svg:last-of-type{flex-grow:0;flex-shrink:100}.elementor-widget-divider--element-align-end .elementor-divider-separator:after{content:none}.elementor-widget-divider--element-align-end .elementor-divider__element{margin-inline-end:0}.elementor-widget-divider:not(.elementor-widget-divider--view-line_text):not(.elementor-widget-divider--view-line_icon) .elementor-divider-separator{border-block-start:var(--divider-border-width) var(--divider-border-style) var(--divider-color)}.elementor-widget-divider--separator-type-pattern{--divider-border-style:none}.elementor-widget-divider--separator-type-pattern.elementor-widget-divider--view-line .elementor-divider-separator,.elementor-widget-divider--separator-type-pattern:not(.elementor-widget-divider--view-line) .elementor-divider-separator:after,.elementor-widget-divider--separator-type-pattern:not(.elementor-widget-divider--view-line) .elementor-divider-separator:before,.elementor-widget-divider--separator-type-pattern:not([class*=elementor-widget-divider--view]) .elementor-divider-separator{width:100%;min-height:var(--divider-pattern-height);-webkit-mask-size:var(--divider-pattern-size) 100%;mask-size:var(--divider-pattern-size) 100%;-webkit-mask-repeat:var(--divider-pattern-repeat);mask-repeat:var(--divider-pattern-repeat);background-color:var(--divider-color);-webkit-mask-image:var(--divider-pattern-url);mask-image:var(--divider-pattern-url)}.elementor-widget-divider--no-spacing{--divider-pattern-size:auto}.elementor-widget-divider--bg-round{--divider-pattern-repeat:round}.rtl .elementor-widget-divider .elementor-divider__text{direction:rtl}.e-con-inner>.elementor-widget-divider,.e-con>.elementor-widget-divider{width:var(--container-widget-width,100%);--flex-grow:var(--container-widget-flex-grow)}<\/style>\t\t<div class=\"elementor-divider\">\n\t\t\t<span class=\"elementor-divider-separator\">\n\t\t\t\t\t\t<\/span>\n\t\t<\/div>\n\t\t\t\t<\/div>\n\t\t\t\t<\/div>\n\t\t\t\t\t<\/div>\n\t\t\t\t<\/div>\n\t\t\t\t<\/div>","protected":false},"excerpt":{"rendered":"<p>Contact Address. Telephone. Email. Hotel Cavalieri del Mare Via Verdi Giuseppe, 23 54100 \u2022 Massa (MS) Italy Telephone +39 0585 86 18 20 info@cavalieridelmare.com Chat with us on WhatsApp! Form Arrival Parking Information Our hotel provides free outdoor parking for all guests, whether you have a car, bike, or motorbike. Electric Vehicle Charging Stations In our outdoor parking, you have the option to charge your electric vehicle for 35 euros per day. The charging stations support the European standard socket (type 2), making them compatible with Tesla cars and other electric vehicles. To secure a spot, reservations for charging stations must be made in advance. Help: Locating Our Hotel If you can&#8217;t locate our hotel on your navigation system, ensure the address is &#8220;Via Giuseppe Verdi 23,&#8221; not &#8220;Viale Verdi 23.&#8221; Alternatively, you can search for &#8220;Hotel Cavalieri del Mare&#8221; on Google Maps. \u00a0 Car-Free Stay: Access Beach Activities on Foot During your stay, a car won\u2019t be necessary to access the beach. Many activities are easily reachable on foot or by bike, and you can conveniently rent a bike just 300m from the hotel. \u00a0<\/p>","protected":false},"author":1,"featured_media":0,"parent":0,"menu_order":0,"comment_status":"closed","ping_status":"closed","template":"page-templates\/template-pagebuilder-full-width.php","meta":{"_monsterinsights_skip_tracking":false,"_monsterinsights_sitenote_active":false,"_monsterinsights_sitenote_note":"","_monsterinsights_sitenote_category":0,"neve_meta_sidebar":"","neve_meta_container":"","neve_meta_enable_content_width":"","neve_meta_content_width":0,"neve_meta_title_alignment":"","neve_meta_author_avatar":"","neve_post_elements_order":"","neve_meta_disable_header":"","neve_meta_disable_footer":"","neve_meta_disable_title":"","footnotes":""},"aioseo_notices":[],"_links":{"self":[{"href":"https:\/\/cavalieridelmare.com\/it\/wp-json\/wp\/v2\/pages\/1430"}],"collection":[{"href":"https:\/\/cavalieridelmare.com\/it\/wp-json\/wp\/v2\/pages"}],"about":[{"href":"https:\/\/cavalieridelmare.com\/it\/wp-json\/wp\/v2\/types\/page"}],"author":[{"embeddable":true,"href":"https:\/\/cavalieridelmare.com\/it\/wp-json\/wp\/v2\/users\/1"}],"replies":[{"embeddable":true,"href":"https:\/\/cavalieridelmare.com\/it\/wp-json\/wp\/v2\/comments?post=1430"}],"version-history":[{"count":500,"href":"https:\/\/cavalieridelmare.com\/it\/wp-json\/wp\/v2\/pages\/1430\/revisions"}],"predecessor-version":[{"id":6002,"href":"https:\/\/cavalieridelmare.com\/it\/wp-json\/wp\/v2\/pages\/1430\/revisions\/6002"}],"wp:attachment":[{"href":"https:\/\/cavalieridelmare.com\/it\/wp-json\/wp\/v2\/media?parent=1430"}],"curies":[{"name":"wp","href":"https:\/\/api.w.org\/{rel}","templated":true}]}}